{"id":6334,"date":"2020-02-08T19:21:56","date_gmt":"2020-02-08T18:21:56","guid":{"rendered":"https:\/\/www.naturalsurfschool.com\/credit-mentions-legales\/"},"modified":"2022-05-16T12:17:29","modified_gmt":"2022-05-16T10:17:29","slug":"informations-credits","status":"publish","type":"page","link":"https:\/\/www.naturalsurfschool.com\/en\/credit-mentions-legales\/","title":{"rendered":"Information and credits"},"content":{"rendered":"<div id=\"cs-content\" class=\"cs-content\"><\/div>\n","protected":false},"excerpt":{"rendered":"<p>Information and creditsThe site is the property of SARL Natural Surf Lodge Natural Surf School 3 av. de la Grande Plage BP22 40510 SEIGNOSSE +33 (0) 674 160 228 Soci\u00e9t\u00e9 Anonyme \u00e0 Responsabilit\u00e9s Limit\u00e9es SIRET 497 521 872 00018 Contact Content Editor in charge:\u00a0\u00a0St\u00e9phane B\u00c9CRET Writing, animation and editorial management: St\u00e9phane B\u00c9CRET Logotype: Juliette Bret\u00e9ch\u00e9, graphic designer designed the logo &#8230; <\/p>\n<div><a href=\"https:\/\/www.naturalsurfschool.com\/en\/credit-mentions-legales\/\" class=\"more-link\">Read More<\/a><\/div>\n","protected":false},"author":1,"featured_media":0,"parent":0,"menu_order":0,"comment_status":"closed","ping_status":"closed","template":"template-blank-4.php","meta":{"footnotes":""},"class_list":["post-6334","page","type-page","status-publish","hentry","no-post-thumbnail"],"yoast_head":"<!-- This site is optimized with the Yoast SEO plugin v27.4 - https:\/\/yoast.com\/product\/yoast-seo-wordpress\/ -->\n<title>Information and credits - Natural Surf School<\/title>\n<meta name=\"robots\" content=\"index, follow, max-snippet:-1, max-image-preview:large, max-video-preview:-1\" \/>\n<link rel=\"canonical\" href=\"https:\/\/www.naturalsurfschool.com\/en\/credit-mentions-legales\/\" \/>\n<meta property=\"og:locale\" content=\"en_US\" \/>\n<meta property=\"og:type\" content=\"article\" \/>\n<meta property=\"og:title\" content=\"Information and credits - Natural Surf School\" \/>\n<meta property=\"og:description\" content=\"Information and creditsThe site is the property of SARL Natural Surf Lodge Natural Surf School 3 av. de la Grande Plage BP22 40510 SEIGNOSSE +33 (0) 674 160 228 Soci\u00e9t\u00e9 Anonyme \u00e0 Responsabilit\u00e9s Limit\u00e9es SIRET 497 521 872 00018 Contact Content Editor in charge:\u00a0\u00a0St\u00e9phane B\u00c9CRET Writing, animation and editorial management: St\u00e9phane B\u00c9CRET Logotype: Juliette Bret\u00e9ch\u00e9, graphic designer designed the logo ... Read More\" \/>\n<meta property=\"og:url\" content=\"https:\/\/www.naturalsurfschool.com\/en\/credit-mentions-legales\/\" \/>\n<meta property=\"og:site_name\" content=\"Natural Surf School\" \/>\n<meta property=\"article:modified_time\" content=\"2022-05-16T10:17:29+00:00\" \/>\n<meta name=\"twitter:card\" content=\"summary_large_image\" \/>\n<meta name=\"twitter:label1\" content=\"Est. reading time\" \/>\n\t<meta name=\"twitter:data1\" content=\"2 minutes\" \/>\n<script type=\"application\/ld+json\" class=\"yoast-schema-graph\">{\"@context\":\"https:\\\/\\\/schema.org\",\"@graph\":[{\"@type\":\"WebPage\",\"@id\":\"https:\\\/\\\/www.naturalsurfschool.com\\\/en\\\/credit-mentions-legales\\\/\",\"url\":\"https:\\\/\\\/www.naturalsurfschool.com\\\/en\\\/credit-mentions-legales\\\/\",\"name\":\"Information and credits - Natural Surf School\",\"isPartOf\":{\"@id\":\"https:\\\/\\\/www.naturalsurfschool.com\\\/en\\\/#website\"},\"datePublished\":\"2020-02-08T18:21:56+00:00\",\"dateModified\":\"2022-05-16T10:17:29+00:00\",\"breadcrumb\":{\"@id\":\"https:\\\/\\\/www.naturalsurfschool.com\\\/en\\\/credit-mentions-legales\\\/#breadcrumb\"},\"inLanguage\":\"en-US\",\"potentialAction\":[{\"@type\":\"ReadAction\",\"target\":[\"https:\\\/\\\/www.naturalsurfschool.com\\\/en\\\/credit-mentions-legales\\\/\"]}]},{\"@type\":\"BreadcrumbList\",\"@id\":\"https:\\\/\\\/www.naturalsurfschool.com\\\/en\\\/credit-mentions-legales\\\/#breadcrumb\",\"itemListElement\":[{\"@type\":\"ListItem\",\"position\":1,\"name\":\"Accueil\",\"item\":\"https:\\\/\\\/www.naturalsurfschool.com\\\/en\\\/home\\\/\"},{\"@type\":\"ListItem\",\"position\":2,\"name\":\"Information and credits\"}]},{\"@type\":\"WebSite\",\"@id\":\"https:\\\/\\\/www.naturalsurfschool.com\\\/en\\\/#website\",\"url\":\"https:\\\/\\\/www.naturalsurfschool.com\\\/en\\\/\",\"name\":\"Natural Surf School\",\"description\":\"Cours de Surf, Stages &amp; location de planches \u00e0 Hossegor (Landes)\",\"potentialAction\":[{\"@type\":\"SearchAction\",\"target\":{\"@type\":\"EntryPoint\",\"urlTemplate\":\"https:\\\/\\\/www.naturalsurfschool.com\\\/en\\\/?s={search_term_string}\"},\"query-input\":{\"@type\":\"PropertyValueSpecification\",\"valueRequired\":true,\"valueName\":\"search_term_string\"}}],\"inLanguage\":\"en-US\"}]}<\/script>\n<!-- \/ Yoast SEO plugin. -->","yoast_head_json":{"title":"Information and credits - Natural Surf School","robots":{"index":"index","follow":"follow","max-snippet":"max-snippet:-1","max-image-preview":"max-image-preview:large","max-video-preview":"max-video-preview:-1"},"canonical":"https:\/\/www.naturalsurfschool.com\/en\/credit-mentions-legales\/","og_locale":"en_US","og_type":"article","og_title":"Information and credits - Natural Surf School","og_description":"Information and creditsThe site is the property of SARL Natural Surf Lodge Natural Surf School 3 av. de la Grande Plage BP22 40510 SEIGNOSSE +33 (0) 674 160 228 Soci\u00e9t\u00e9 Anonyme \u00e0 Responsabilit\u00e9s Limit\u00e9es SIRET 497 521 872 00018 Contact Content Editor in charge:\u00a0\u00a0St\u00e9phane B\u00c9CRET Writing, animation and editorial management: St\u00e9phane B\u00c9CRET Logotype: Juliette Bret\u00e9ch\u00e9, graphic designer designed the logo ... Read More","og_url":"https:\/\/www.naturalsurfschool.com\/en\/credit-mentions-legales\/","og_site_name":"Natural Surf School","article_modified_time":"2022-05-16T10:17:29+00:00","twitter_card":"summary_large_image","twitter_misc":{"Est. reading time":"2 minutes"},"schema":{"@context":"https:\/\/schema.org","@graph":[{"@type":"WebPage","@id":"https:\/\/www.naturalsurfschool.com\/en\/credit-mentions-legales\/","url":"https:\/\/www.naturalsurfschool.com\/en\/credit-mentions-legales\/","name":"Information and credits - Natural Surf School","isPartOf":{"@id":"https:\/\/www.naturalsurfschool.com\/en\/#website"},"datePublished":"2020-02-08T18:21:56+00:00","dateModified":"2022-05-16T10:17:29+00:00","breadcrumb":{"@id":"https:\/\/www.naturalsurfschool.com\/en\/credit-mentions-legales\/#breadcrumb"},"inLanguage":"en-US","potentialAction":[{"@type":"ReadAction","target":["https:\/\/www.naturalsurfschool.com\/en\/credit-mentions-legales\/"]}]},{"@type":"BreadcrumbList","@id":"https:\/\/www.naturalsurfschool.com\/en\/credit-mentions-legales\/#breadcrumb","itemListElement":[{"@type":"ListItem","position":1,"name":"Accueil","item":"https:\/\/www.naturalsurfschool.com\/en\/home\/"},{"@type":"ListItem","position":2,"name":"Information and credits"}]},{"@type":"WebSite","@id":"https:\/\/www.naturalsurfschool.com\/en\/#website","url":"https:\/\/www.naturalsurfschool.com\/en\/","name":"Natural Surf School","description":"Cours de Surf, Stages &amp; location de planches \u00e0 Hossegor (Landes)","potentialAction":[{"@type":"SearchAction","target":{"@type":"EntryPoint","urlTemplate":"https:\/\/www.naturalsurfschool.com\/en\/?s={search_term_string}"},"query-input":{"@type":"PropertyValueSpecification","valueRequired":true,"valueName":"search_term_string"}}],"inLanguage":"en-US"}]}},"_links":{"self":[{"href":"https:\/\/www.naturalsurfschool.com\/en\/wp-json\/wp\/v2\/pages\/6334","targetHints":{"allow":["GET"]}}],"collection":[{"href":"https:\/\/www.naturalsurfschool.com\/en\/wp-json\/wp\/v2\/pages"}],"about":[{"href":"https:\/\/www.naturalsurfschool.com\/en\/wp-json\/wp\/v2\/types\/page"}],"author":[{"embeddable":true,"href":"https:\/\/www.naturalsurfschool.com\/en\/wp-json\/wp\/v2\/users\/1"}],"replies":[{"embeddable":true,"href":"https:\/\/www.naturalsurfschool.com\/en\/wp-json\/wp\/v2\/comments?post=6334"}],"version-history":[{"count":6,"href":"https:\/\/www.naturalsurfschool.com\/en\/wp-json\/wp\/v2\/pages\/6334\/revisions"}],"predecessor-version":[{"id":6458,"href":"https:\/\/www.naturalsurfschool.com\/en\/wp-json\/wp\/v2\/pages\/6334\/revisions\/6458"}],"wp:attachment":[{"href":"https:\/\/www.naturalsurfschool.com\/en\/wp-json\/wp\/v2\/media?parent=6334"}],"curies":[{"name":"wp","href":"https:\/\/api.w.org\/{rel}","templated":true}]}}