{"id":6378,"date":"2020-02-08T19:27:00","date_gmt":"2020-02-08T18:27:00","guid":{"rendered":"https:\/\/www.naturalsurfschool.com\/blog\/ambassadeurs\/"},"modified":"2022-05-16T13:12:40","modified_gmt":"2022-05-16T11:12:40","slug":"ambassadors","status":"publish","type":"page","link":"https:\/\/www.naturalsurfschool.com\/en\/blog\/ambassadeurs\/","title":{"rendered":"Ambassadors"},"content":{"rendered":"<div id=\"cs-content\" class=\"cs-content\"><\/div>\n","protected":false},"excerpt":{"rendered":"<p>Natural Surf School AmbassadorsThe Natural Surf School supports promising young surfers: Andy Criere, 22 years old surfer from Hendaye that some of us met during a training course in the summer of 2015, Marie Chauch\u00e9, 18 years old longboarder and Justin Becret, our 16 years old son, French champion -16 years old 2017. They are young, they are beautiful, they &#8230; <\/p>\n<div><a href=\"https:\/\/www.naturalsurfschool.com\/en\/blog\/ambassadeurs\/\" class=\"more-link\">Read More<\/a><\/div>\n","protected":false},"author":1,"featured_media":0,"parent":1447,"menu_order":0,"comment_status":"closed","ping_status":"closed","template":"template-blank-4.php","meta":{"footnotes":""},"class_list":["post-6378","page","type-page","status-publish","hentry","no-post-thumbnail"],"yoast_head":"<!-- This site is optimized with the Yoast SEO plugin v27.4 - https:\/\/yoast.com\/product\/yoast-seo-wordpress\/ -->\n<title>Action de soutien sponsoring du Natural Surf Lodge \u00e0 3 jeunes surfeurs aquitains, Andy Cri\u00e8re, Marie Chauch\u00e9 et Justin Becret<\/title>\n<meta name=\"description\" content=\"Natural Surf Lodge soutient de jeunes surfeurs comme Marie Chauch\u00e9, Andy Criere, Justin B\u00e9cret, dans la poursuite de leur r\u00eave surf et projet de sport...\" \/>\n<meta name=\"robots\" content=\"index, follow, max-snippet:-1, max-image-preview:large, max-video-preview:-1\" \/>\n<link rel=\"canonical\" href=\"https:\/\/www.naturalsurfschool.com\/en\/blog\/ambassadeurs\/\" \/>\n<meta property=\"og:locale\" content=\"en_US\" \/>\n<meta property=\"og:type\" content=\"article\" \/>\n<meta property=\"og:title\" content=\"Action de soutien sponsoring du Natural Surf Lodge \u00e0 3 jeunes surfeurs aquitains, Andy Cri\u00e8re, Marie Chauch\u00e9 et Justin Becret\" \/>\n<meta property=\"og:description\" content=\"Natural Surf Lodge soutient de jeunes surfeurs comme Marie Chauch\u00e9, Andy Criere, Justin B\u00e9cret, dans la poursuite de leur r\u00eave surf et projet de sport...\" \/>\n<meta property=\"og:url\" content=\"https:\/\/www.naturalsurfschool.com\/en\/blog\/ambassadeurs\/\" \/>\n<meta property=\"og:site_name\" content=\"Natural Surf School\" \/>\n<meta property=\"article:modified_time\" content=\"2022-05-16T11:12:40+00:00\" \/>\n<meta name=\"twitter:card\" content=\"summary_large_image\" \/>\n<meta name=\"twitter:label1\" content=\"Est. reading time\" \/>\n\t<meta name=\"twitter:data1\" content=\"4 minutes\" \/>\n<script type=\"application\/ld+json\" class=\"yoast-schema-graph\">{\"@context\":\"https:\\\/\\\/schema.org\",\"@graph\":[{\"@type\":\"WebPage\",\"@id\":\"https:\\\/\\\/www.naturalsurfschool.com\\\/en\\\/blog\\\/ambassadeurs\\\/\",\"url\":\"https:\\\/\\\/www.naturalsurfschool.com\\\/en\\\/blog\\\/ambassadeurs\\\/\",\"name\":\"Action de soutien sponsoring du Natural Surf Lodge \u00e0 3 jeunes surfeurs aquitains, Andy Cri\u00e8re, Marie Chauch\u00e9 et Justin Becret\",\"isPartOf\":{\"@id\":\"https:\\\/\\\/www.naturalsurfschool.com\\\/en\\\/#website\"},\"datePublished\":\"2020-02-08T18:27:00+00:00\",\"dateModified\":\"2022-05-16T11:12:40+00:00\",\"description\":\"Natural Surf Lodge soutient de jeunes surfeurs comme Marie Chauch\u00e9, Andy Criere, Justin B\u00e9cret, dans la poursuite de leur r\u00eave surf et projet de sport...\",\"breadcrumb\":{\"@id\":\"https:\\\/\\\/www.naturalsurfschool.com\\\/en\\\/blog\\\/ambassadeurs\\\/#breadcrumb\"},\"inLanguage\":\"en-US\",\"potentialAction\":[{\"@type\":\"ReadAction\",\"target\":[\"https:\\\/\\\/www.naturalsurfschool.com\\\/en\\\/blog\\\/ambassadeurs\\\/\"]}]},{\"@type\":\"BreadcrumbList\",\"@id\":\"https:\\\/\\\/www.naturalsurfschool.com\\\/en\\\/blog\\\/ambassadeurs\\\/#breadcrumb\",\"itemListElement\":[{\"@type\":\"ListItem\",\"position\":1,\"name\":\"Accueil\",\"item\":\"https:\\\/\\\/www.naturalsurfschool.com\\\/en\\\/home\\\/\"},{\"@type\":\"ListItem\",\"position\":2,\"name\":\"Blog &#8220;anglais&#8221;\",\"item\":\"https:\\\/\\\/www.naturalsurfschool.com\\\/en\\\/blog\\\/\"},{\"@type\":\"ListItem\",\"position\":3,\"name\":\"Ambassadors\"}]},{\"@type\":\"WebSite\",\"@id\":\"https:\\\/\\\/www.naturalsurfschool.com\\\/en\\\/#website\",\"url\":\"https:\\\/\\\/www.naturalsurfschool.com\\\/en\\\/\",\"name\":\"Natural Surf School\",\"description\":\"Cours de Surf, Stages &amp; location de planches \u00e0 Hossegor (Landes)\",\"potentialAction\":[{\"@type\":\"SearchAction\",\"target\":{\"@type\":\"EntryPoint\",\"urlTemplate\":\"https:\\\/\\\/www.naturalsurfschool.com\\\/en\\\/?s={search_term_string}\"},\"query-input\":{\"@type\":\"PropertyValueSpecification\",\"valueRequired\":true,\"valueName\":\"search_term_string\"}}],\"inLanguage\":\"en-US\"}]}<\/script>\n<!-- \/ Yoast SEO plugin. -->","yoast_head_json":{"title":"Action de soutien sponsoring du Natural Surf Lodge \u00e0 3 jeunes surfeurs aquitains, Andy Cri\u00e8re, Marie Chauch\u00e9 et Justin Becret","description":"Natural Surf Lodge soutient de jeunes surfeurs comme Marie Chauch\u00e9, Andy Criere, Justin B\u00e9cret, dans la poursuite de leur r\u00eave surf et projet de sport...","robots":{"index":"index","follow":"follow","max-snippet":"max-snippet:-1","max-image-preview":"max-image-preview:large","max-video-preview":"max-video-preview:-1"},"canonical":"https:\/\/www.naturalsurfschool.com\/en\/blog\/ambassadeurs\/","og_locale":"en_US","og_type":"article","og_title":"Action de soutien sponsoring du Natural Surf Lodge \u00e0 3 jeunes surfeurs aquitains, Andy Cri\u00e8re, Marie Chauch\u00e9 et Justin Becret","og_description":"Natural Surf Lodge soutient de jeunes surfeurs comme Marie Chauch\u00e9, Andy Criere, Justin B\u00e9cret, dans la poursuite de leur r\u00eave surf et projet de sport...","og_url":"https:\/\/www.naturalsurfschool.com\/en\/blog\/ambassadeurs\/","og_site_name":"Natural Surf School","article_modified_time":"2022-05-16T11:12:40+00:00","twitter_card":"summary_large_image","twitter_misc":{"Est. reading time":"4 minutes"},"schema":{"@context":"https:\/\/schema.org","@graph":[{"@type":"WebPage","@id":"https:\/\/www.naturalsurfschool.com\/en\/blog\/ambassadeurs\/","url":"https:\/\/www.naturalsurfschool.com\/en\/blog\/ambassadeurs\/","name":"Action de soutien sponsoring du Natural Surf Lodge \u00e0 3 jeunes surfeurs aquitains, Andy Cri\u00e8re, Marie Chauch\u00e9 et Justin Becret","isPartOf":{"@id":"https:\/\/www.naturalsurfschool.com\/en\/#website"},"datePublished":"2020-02-08T18:27:00+00:00","dateModified":"2022-05-16T11:12:40+00:00","description":"Natural Surf Lodge soutient de jeunes surfeurs comme Marie Chauch\u00e9, Andy Criere, Justin B\u00e9cret, dans la poursuite de leur r\u00eave surf et projet de sport...","breadcrumb":{"@id":"https:\/\/www.naturalsurfschool.com\/en\/blog\/ambassadeurs\/#breadcrumb"},"inLanguage":"en-US","potentialAction":[{"@type":"ReadAction","target":["https:\/\/www.naturalsurfschool.com\/en\/blog\/ambassadeurs\/"]}]},{"@type":"BreadcrumbList","@id":"https:\/\/www.naturalsurfschool.com\/en\/blog\/ambassadeurs\/#breadcrumb","itemListElement":[{"@type":"ListItem","position":1,"name":"Accueil","item":"https:\/\/www.naturalsurfschool.com\/en\/home\/"},{"@type":"ListItem","position":2,"name":"Blog &#8220;anglais&#8221;","item":"https:\/\/www.naturalsurfschool.com\/en\/blog\/"},{"@type":"ListItem","position":3,"name":"Ambassadors"}]},{"@type":"WebSite","@id":"https:\/\/www.naturalsurfschool.com\/en\/#website","url":"https:\/\/www.naturalsurfschool.com\/en\/","name":"Natural Surf School","description":"Cours de Surf, Stages &amp; location de planches \u00e0 Hossegor (Landes)","potentialAction":[{"@type":"SearchAction","target":{"@type":"EntryPoint","urlTemplate":"https:\/\/www.naturalsurfschool.com\/en\/?s={search_term_string}"},"query-input":{"@type":"PropertyValueSpecification","valueRequired":true,"valueName":"search_term_string"}}],"inLanguage":"en-US"}]}},"_links":{"self":[{"href":"https:\/\/www.naturalsurfschool.com\/en\/wp-json\/wp\/v2\/pages\/6378","targetHints":{"allow":["GET"]}}],"collection":[{"href":"https:\/\/www.naturalsurfschool.com\/en\/wp-json\/wp\/v2\/pages"}],"about":[{"href":"https:\/\/www.naturalsurfschool.com\/en\/wp-json\/wp\/v2\/types\/page"}],"author":[{"embeddable":true,"href":"https:\/\/www.naturalsurfschool.com\/en\/wp-json\/wp\/v2\/users\/1"}],"replies":[{"embeddable":true,"href":"https:\/\/www.naturalsurfschool.com\/en\/wp-json\/wp\/v2\/comments?post=6378"}],"version-history":[{"count":3,"href":"https:\/\/www.naturalsurfschool.com\/en\/wp-json\/wp\/v2\/pages\/6378\/revisions"}],"predecessor-version":[{"id":6381,"href":"https:\/\/www.naturalsurfschool.com\/en\/wp-json\/wp\/v2\/pages\/6378\/revisions\/6381"}],"up":[{"embeddable":true,"href":"https:\/\/www.naturalsurfschool.com\/en\/wp-json\/wp\/v2\/pages\/1447"}],"wp:attachment":[{"href":"https:\/\/www.naturalsurfschool.com\/en\/wp-json\/wp\/v2\/media?parent=6378"}],"curies":[{"name":"wp","href":"https:\/\/api.w.org\/{rel}","templated":true}]}}